{"id":16341,"date":"2025-12-19T11:13:04","date_gmt":"2025-12-19T11:13:04","guid":{"rendered":"https:\/\/gain.de\/?page_id=16341"},"modified":"2025-12-19T11:24:56","modified_gmt":"2025-12-19T11:24:56","slug":"stellenausschreibungen","status":"publish","type":"page","link":"https:\/\/gain.de\/en\/stellenausschreibungen\/","title":{"rendered":"Stellen"},"content":{"rendered":"<div data-elementor-type=\"wp-page\" data-elementor-id=\"16341\" class=\"elementor elementor-16341\">\n\t\t\t\t<div class=\"elementor-element elementor-element-06c858a e-flex e-con-boxed e-con e-parent\" data-id=\"06c858a\" data-element_type=\"container\" data-e-type=\"container\" data-settings=\"{&quot;background_background&quot;:&quot;gradient&quot;}\">\n\t\t\t\t\t<div class=\"e-con-inner\">\n\t\t\t\t\t<\/div>\n\t\t\t\t<\/div>\n\t\t<div class=\"elementor-element elementor-element-cd57e9a e-flex e-con-boxed e-con e-parent\" data-id=\"cd57e9a\" data-element_type=\"container\" data-e-type=\"container\">\n\t\t\t\t\t<div class=\"e-con-inner\">\n\t\t\t\t<div class=\"elementor-element elementor-element-72ec29d elementor-widget elementor-widget-heading\" data-id=\"72ec29d\" data-element_type=\"widget\" data-e-type=\"widget\" data-widget_type=\"heading.default\">\n\t\t\t\t<div class=\"elementor-widget-container\">\n\t\t\t\t\t<h2 class=\"elementor-heading-title elementor-size-default\">Motiviert, kreativ und Freude an der Softwareentwicklung?<\/h2>\t\t\t\t<\/div>\n\t\t\t\t<\/div>\n\t\t\t\t<div class=\"elementor-element elementor-element-e3cd238 elementor-widget elementor-widget-text-editor\" data-id=\"e3cd238\" data-element_type=\"widget\" data-e-type=\"widget\" data-widget_type=\"text-editor.default\">\n\t\t\t\t<div class=\"elementor-widget-container\">\n\t\t\t\t\t\t\t\t\t<p>Werde Teil eines modernen und agilen Teams. Sollte aktuell keine auf den ersten Blick passende Stelle f\u00fcr Dich dabei sein, schicke uns gerne eine aussagekr\u00e4ftige Bewerbung zu. Vielleicht wissen wir ja einfach nur noch nicht, dass Du in unserem Team fehlst.<\/p><p><strong>Bewerbungen bitte an: info@gain.de<\/strong><\/p>\t\t\t\t\t\t\t\t<\/div>\n\t\t\t\t<\/div>\n\t\t\t\t\t<\/div>\n\t\t\t\t<\/div>\n\t\t<div class=\"elementor-element elementor-element-3b9686d e-flex e-con-boxed e-con e-parent\" data-id=\"3b9686d\" data-element_type=\"container\" data-e-type=\"container\">\n\t\t\t\t\t<div class=\"e-con-inner\">\n\t\t<div class=\"elementor-element elementor-element-7c7afa8 e-con-full e-flex e-con e-child\" data-id=\"7c7afa8\" data-element_type=\"container\" data-e-type=\"container\">\n\t\t\t\t<div class=\"elementor-element elementor-element-ac6482d elementor-widget elementor-widget-heading\" data-id=\"ac6482d\" data-element_type=\"widget\" data-e-type=\"widget\" data-widget_type=\"heading.default\">\n\t\t\t\t<div class=\"elementor-widget-container\">\n\t\t\t\t\t<h2 class=\"elementor-heading-title elementor-size-default\">Full-Stack Entwickler (m\/w\/d)<\/h2>\t\t\t\t<\/div>\n\t\t\t\t<\/div>\n\t\t\t\t<div class=\"elementor-element elementor-element-be782d6 elementor-widget elementor-widget-text-editor\" data-id=\"be782d6\" data-element_type=\"widget\" data-e-type=\"widget\" data-widget_type=\"text-editor.default\">\n\t\t\t\t<div class=\"elementor-widget-container\">\n\t\t\t\t\t\t\t\t\t<p><strong>Java Spring Boot &amp; React<\/strong><\/p><p><strong>Standort:<\/strong> Remote<br \/><strong>Unternehmen:<\/strong> Gain Software GmbH<br \/><strong>Anstellungsart:<\/strong> Vollzeit<\/p><p><strong>\u00dcber Gain Software GmbH<\/strong><\/p><p>Die Gain Software GmbH aus Bielefeld bietet essentielle State oft he Art-Software f\u00fcr Produktdatenmanagement, Produktlebenszyklusmanagement, CAD-Konstruktion und CAM-Fertigung, mit der die Digitalisierung von Prozesslandschaften sowie die Steuerung von Produktdaten optimiert wird. GAIN begleitet Kunden von der Anforderungsanalyse \u00fcber die Implementierung bis zur Anwenderschulung. Wir arbeiten in kleinen, agilen Teams und legen gro\u00dfen Wert auf Qualit\u00e4t und Eigenverantwortung.<\/p><p><strong>Deine Aufgaben<\/strong><\/p><ul><li>Entwicklung und Weiterentwicklung moderner Web-Applikationen<\/li><li>Backend-Entwicklung mit Java und Spring Boot<\/li><li>Frontend-Entwicklung mit React<\/li><li>Konzeption und Umsetzung von REST-APIs<\/li><li>Mitarbeit bei Architektur- und Technologieentscheidungen<\/li><li>Sicherstellung von Code-Qualit\u00e4t durch Tests und Code-Reviews<\/li><li>Enge Zusammenarbeit mit Product Ownern und Designern<\/li><\/ul><p><strong>Dein Profil<\/strong><\/p><ul><li>Mehrj\u00e4hrige Erfahrung als Full-Stack Entwickler<\/li><li>Sehr gute Kenntnisse in Java, Spring Boot und React<\/li><li>Gute Kenntnisse mit REST, JSON, HTTP(S)<\/li><li>Kenntnisse in relationalen Datenbanken (z. B. MySQL, PostgreSQL)<\/li><li>Sicherer Umgang mit Git<\/li><li>Strukturierte, selbstst\u00e4ndige Arbeitsweise<\/li><li>Gute Deutsch- oder Englischkenntnisse<\/li><li>Erfahrungen und Bereitschaft zur KI-gest\u00fctzten Softwareentwicklung<\/li><\/ul><p><strong>Nice to have:<\/strong><\/p><ul><li>Erfahrung mit Docker \/ Kubernetes<\/li><li>Erfahrungen mit Linux<\/li><li>Erfahrung mit Cloud-Umgebungen (AWS, Azure, GCP)<\/li><li>Testing (JUnit, Mockito, Jest)<\/li><\/ul><p><strong>Wir bieten<\/strong><\/p><ul><li>Spannende Projekte mit modernen Technologien<\/li><li>Flache Hierarchien und kurze Entscheidungswege<\/li><li>Viel Raum f\u00fcr eigene Ideen und technische Mitgestaltung<\/li><li>Flexible Arbeitszeiten und Remote-Option<\/li><li>Attraktive Verg\u00fctung<\/li><li>Weiterbildungs- und Entwicklungsm\u00f6glichkeiten<\/li><li>Kollegiales, wertsch\u00e4tzendes Arbeitsumfeld<\/li><\/ul><p><strong>Haben wir Dein Interesse geweckt?<\/strong><\/p><p>Dann freuen wir uns auf deine Bewerbung!<br \/>Sende deine Unterlagen bitte an: info@gain.de<\/p>\t\t\t\t\t\t\t\t<\/div>\n\t\t\t\t<\/div>\n\t\t\t\t<\/div>\n\t\t\t\t\t<\/div>\n\t\t\t\t<\/div>\n\t\t\t\t<\/div>","protected":false},"excerpt":{"rendered":"<p>Motiviert, kreativ und Freude an der Softwareentwicklung? Werde Teil eines modernen und agilen Teams. Sollte aktuell keine auf den ersten Blick passende Stelle f\u00fcr Dich dabei sein, schicke uns gerne eine aussagekr\u00e4ftige Bewerbung zu. Vielleicht wissen wir ja einfach nur noch nicht, dass Du in unserem Team fehlst. Bewerbungen bitte an: info@gain.de Full-Stack Entwickler (m\/w\/d) [&hellip;]<\/p>\n","protected":false},"author":1,"featured_media":0,"parent":0,"menu_order":0,"comment_status":"closed","ping_status":"closed","template":"","meta":{"footnotes":""},"class_list":["post-16341","page","type-page","status-publish","hentry"],"blocksy_meta":[],"yoast_head":"<!-- This site is optimized with the Yoast SEO plugin v27.3 - https:\/\/yoast.com\/product\/yoast-seo-wordpress\/ -->\n<title>Stellen | GAIN Software<\/title>\n<meta name=\"description\" content=\"Seit 1986 als Spezialist f\u00fcr kundenindividuelle L\u00f6sungen im Produktdaten- und Produktlebenszyklusmanagament t\u00e4tig, stellen wir Kommunikation und Durchg\u00e4ngigkeit in den Fokus unserer Produkte, unserer Kundenorientierung und nicht zuletzt unserer eigenen Prozesse. GAIN begleitet Kunden von der Konzeptionierung einer PDM-Welt \u00fcber die Implementierung, das Customizing und die Migration von Daten bis zur Anwenderschulung und weit dar\u00fcber hinaus.\" \/>\n<meta name=\"robots\" content=\"index, follow, max-snippet:-1, max-image-preview:large, max-video-preview:-1\" \/>\n<link rel=\"canonical\" href=\"https:\/\/gain.de\/en\/stellenausschreibungen\/\" \/>\n<meta property=\"og:locale\" content=\"en_US\" \/>\n<meta property=\"og:type\" content=\"article\" \/>\n<meta property=\"og:title\" content=\"Stellen | GAIN Software\" \/>\n<meta property=\"og:description\" content=\"Seit 1986 als Spezialist f\u00fcr kundenindividuelle L\u00f6sungen im Produktdaten- und Produktlebenszyklusmanagament t\u00e4tig, stellen wir Kommunikation und Durchg\u00e4ngigkeit in den Fokus unserer Produkte, unserer Kundenorientierung und nicht zuletzt unserer eigenen Prozesse. GAIN begleitet Kunden von der Konzeptionierung einer PDM-Welt \u00fcber die Implementierung, das Customizing und die Migration von Daten bis zur Anwenderschulung und weit dar\u00fcber hinaus.\" \/>\n<meta property=\"og:url\" content=\"https:\/\/gain.de\/en\/stellenausschreibungen\/\" \/>\n<meta property=\"og:site_name\" content=\"GAIN Software\" \/>\n<meta property=\"article:modified_time\" content=\"2025-12-19T11:24:56+00:00\" \/>\n<meta name=\"twitter:card\" content=\"summary_large_image\" \/>\n<meta name=\"twitter:label1\" content=\"Est. reading time\" \/>\n\t<meta name=\"twitter:data1\" content=\"2 minutes\" \/>\n<script type=\"application\/ld+json\" class=\"yoast-schema-graph\">{\"@context\":\"https:\\\/\\\/schema.org\",\"@graph\":[{\"@type\":\"WebPage\",\"@id\":\"https:\\\/\\\/gain.de\\\/stellenausschreibungen\\\/\",\"url\":\"https:\\\/\\\/gain.de\\\/stellenausschreibungen\\\/\",\"name\":\"Stellen | GAIN Software\",\"isPartOf\":{\"@id\":\"https:\\\/\\\/gain.de\\\/de\\\/#website\"},\"datePublished\":\"2025-12-19T11:13:04+00:00\",\"dateModified\":\"2025-12-19T11:24:56+00:00\",\"description\":\"Seit 1986 als Spezialist f\u00fcr kundenindividuelle L\u00f6sungen im Produktdaten- und Produktlebenszyklusmanagament t\u00e4tig, stellen wir Kommunikation und Durchg\u00e4ngigkeit in den Fokus unserer Produkte, unserer Kundenorientierung und nicht zuletzt unserer eigenen Prozesse. GAIN begleitet Kunden von der Konzeptionierung einer PDM-Welt \u00fcber die Implementierung, das Customizing und die Migration von Daten bis zur Anwenderschulung und weit dar\u00fcber hinaus.\",\"breadcrumb\":{\"@id\":\"https:\\\/\\\/gain.de\\\/stellenausschreibungen\\\/#breadcrumb\"},\"inLanguage\":\"en-US\",\"potentialAction\":[{\"@type\":\"ReadAction\",\"target\":[\"https:\\\/\\\/gain.de\\\/stellenausschreibungen\\\/\"]}]},{\"@type\":\"BreadcrumbList\",\"@id\":\"https:\\\/\\\/gain.de\\\/stellenausschreibungen\\\/#breadcrumb\",\"itemListElement\":[{\"@type\":\"ListItem\",\"position\":1,\"name\":\"Startseite\",\"item\":\"https:\\\/\\\/gain.de\\\/\"},{\"@type\":\"ListItem\",\"position\":2,\"name\":\"Stellen\"}]},{\"@type\":\"WebSite\",\"@id\":\"https:\\\/\\\/gain.de\\\/de\\\/#website\",\"url\":\"https:\\\/\\\/gain.de\\\/de\\\/\",\"name\":\"GAIN Software\",\"description\":\"Ihr Partner im Produktdatenmanagement.\",\"publisher\":{\"@id\":\"https:\\\/\\\/gain.de\\\/de\\\/#organization\"},\"alternateName\":\"GAIN\",\"potentialAction\":[{\"@type\":\"SearchAction\",\"target\":{\"@type\":\"EntryPoint\",\"urlTemplate\":\"https:\\\/\\\/gain.de\\\/de\\\/?s={search_term_string}\"},\"query-input\":{\"@type\":\"PropertyValueSpecification\",\"valueRequired\":true,\"valueName\":\"search_term_string\"}}],\"inLanguage\":\"en-US\"},{\"@type\":\"Organization\",\"@id\":\"https:\\\/\\\/gain.de\\\/de\\\/#organization\",\"name\":\"GAIN Software\",\"url\":\"https:\\\/\\\/gain.de\\\/de\\\/\",\"logo\":{\"@type\":\"ImageObject\",\"inLanguage\":\"en-US\",\"@id\":\"https:\\\/\\\/gain.de\\\/de\\\/#\\\/schema\\\/logo\\\/image\\\/\",\"url\":\"https:\\\/\\\/gain.de\\\/wp-content\\\/uploads\\\/2024\\\/09\\\/logo-weiss.png\",\"contentUrl\":\"https:\\\/\\\/gain.de\\\/wp-content\\\/uploads\\\/2024\\\/09\\\/logo-weiss.png\",\"width\":1583,\"height\":441,\"caption\":\"GAIN Software\"},\"image\":{\"@id\":\"https:\\\/\\\/gain.de\\\/de\\\/#\\\/schema\\\/logo\\\/image\\\/\"},\"sameAs\":[\"https:\\\/\\\/www.youtube.com\\\/@GAIN_Software_GmbH\",\"https:\\\/\\\/www.linkedin.com\\\/in\\\/gain-software-gmbh-493757314\"]}]}<\/script>\n<!-- \/ Yoast SEO plugin. -->","yoast_head_json":{"title":"Stellen | GAIN Software","description":"Seit 1986 als Spezialist f\u00fcr kundenindividuelle L\u00f6sungen im Produktdaten- und Produktlebenszyklusmanagament t\u00e4tig, stellen wir Kommunikation und Durchg\u00e4ngigkeit in den Fokus unserer Produkte, unserer Kundenorientierung und nicht zuletzt unserer eigenen Prozesse. GAIN begleitet Kunden von der Konzeptionierung einer PDM-Welt \u00fcber die Implementierung, das Customizing und die Migration von Daten bis zur Anwenderschulung und weit dar\u00fcber hinaus.","robots":{"index":"index","follow":"follow","max-snippet":"max-snippet:-1","max-image-preview":"max-image-preview:large","max-video-preview":"max-video-preview:-1"},"canonical":"https:\/\/gain.de\/en\/stellenausschreibungen\/","og_locale":"en_US","og_type":"article","og_title":"Stellen | GAIN Software","og_description":"Seit 1986 als Spezialist f\u00fcr kundenindividuelle L\u00f6sungen im Produktdaten- und Produktlebenszyklusmanagament t\u00e4tig, stellen wir Kommunikation und Durchg\u00e4ngigkeit in den Fokus unserer Produkte, unserer Kundenorientierung und nicht zuletzt unserer eigenen Prozesse. GAIN begleitet Kunden von der Konzeptionierung einer PDM-Welt \u00fcber die Implementierung, das Customizing und die Migration von Daten bis zur Anwenderschulung und weit dar\u00fcber hinaus.","og_url":"https:\/\/gain.de\/en\/stellenausschreibungen\/","og_site_name":"GAIN Software","article_modified_time":"2025-12-19T11:24:56+00:00","twitter_card":"summary_large_image","twitter_misc":{"Est. reading time":"2 minutes"},"schema":{"@context":"https:\/\/schema.org","@graph":[{"@type":"WebPage","@id":"https:\/\/gain.de\/stellenausschreibungen\/","url":"https:\/\/gain.de\/stellenausschreibungen\/","name":"Stellen | GAIN Software","isPartOf":{"@id":"https:\/\/gain.de\/de\/#website"},"datePublished":"2025-12-19T11:13:04+00:00","dateModified":"2025-12-19T11:24:56+00:00","description":"Seit 1986 als Spezialist f\u00fcr kundenindividuelle L\u00f6sungen im Produktdaten- und Produktlebenszyklusmanagament t\u00e4tig, stellen wir Kommunikation und Durchg\u00e4ngigkeit in den Fokus unserer Produkte, unserer Kundenorientierung und nicht zuletzt unserer eigenen Prozesse. GAIN begleitet Kunden von der Konzeptionierung einer PDM-Welt \u00fcber die Implementierung, das Customizing und die Migration von Daten bis zur Anwenderschulung und weit dar\u00fcber hinaus.","breadcrumb":{"@id":"https:\/\/gain.de\/stellenausschreibungen\/#breadcrumb"},"inLanguage":"en-US","potentialAction":[{"@type":"ReadAction","target":["https:\/\/gain.de\/stellenausschreibungen\/"]}]},{"@type":"BreadcrumbList","@id":"https:\/\/gain.de\/stellenausschreibungen\/#breadcrumb","itemListElement":[{"@type":"ListItem","position":1,"name":"Startseite","item":"https:\/\/gain.de\/"},{"@type":"ListItem","position":2,"name":"Stellen"}]},{"@type":"WebSite","@id":"https:\/\/gain.de\/de\/#website","url":"https:\/\/gain.de\/de\/","name":"GAIN Software","description":"Ihr Partner im Produktdatenmanagement.","publisher":{"@id":"https:\/\/gain.de\/de\/#organization"},"alternateName":"GAIN","potentialAction":[{"@type":"SearchAction","target":{"@type":"EntryPoint","urlTemplate":"https:\/\/gain.de\/de\/?s={search_term_string}"},"query-input":{"@type":"PropertyValueSpecification","valueRequired":true,"valueName":"search_term_string"}}],"inLanguage":"en-US"},{"@type":"Organization","@id":"https:\/\/gain.de\/de\/#organization","name":"GAIN Software","url":"https:\/\/gain.de\/de\/","logo":{"@type":"ImageObject","inLanguage":"en-US","@id":"https:\/\/gain.de\/de\/#\/schema\/logo\/image\/","url":"https:\/\/gain.de\/wp-content\/uploads\/2024\/09\/logo-weiss.png","contentUrl":"https:\/\/gain.de\/wp-content\/uploads\/2024\/09\/logo-weiss.png","width":1583,"height":441,"caption":"GAIN Software"},"image":{"@id":"https:\/\/gain.de\/de\/#\/schema\/logo\/image\/"},"sameAs":["https:\/\/www.youtube.com\/@GAIN_Software_GmbH","https:\/\/www.linkedin.com\/in\/gain-software-gmbh-493757314"]}]}},"_links":{"self":[{"href":"https:\/\/gain.de\/en\/wp-json\/wp\/v2\/pages\/16341","targetHints":{"allow":["GET"]}}],"collection":[{"href":"https:\/\/gain.de\/en\/wp-json\/wp\/v2\/pages"}],"about":[{"href":"https:\/\/gain.de\/en\/wp-json\/wp\/v2\/types\/page"}],"author":[{"embeddable":true,"href":"https:\/\/gain.de\/en\/wp-json\/wp\/v2\/users\/1"}],"replies":[{"embeddable":true,"href":"https:\/\/gain.de\/en\/wp-json\/wp\/v2\/comments?post=16341"}],"version-history":[{"count":8,"href":"https:\/\/gain.de\/en\/wp-json\/wp\/v2\/pages\/16341\/revisions"}],"predecessor-version":[{"id":16350,"href":"https:\/\/gain.de\/en\/wp-json\/wp\/v2\/pages\/16341\/revisions\/16350"}],"wp:attachment":[{"href":"https:\/\/gain.de\/en\/wp-json\/wp\/v2\/media?parent=16341"}],"curies":[{"name":"wp","href":"https:\/\/api.w.org\/{rel}","templated":true}]}}