{"id":16124,"date":"2026-03-28T16:27:29","date_gmt":"2026-03-28T16:27:29","guid":{"rendered":"https:\/\/gain.de\/?page_id=16124"},"modified":"2026-03-28T16:27:29","modified_gmt":"2026-03-28T16:27:29","slug":"widerruf","status":"publish","type":"page","link":"https:\/\/gain.de\/de\/widerruf\/","title":{"rendered":"Widerruf"},"content":{"rendered":"\t\t<div data-elementor-type=\"wp-page\" data-elementor-id=\"16124\" class=\"elementor elementor-16124\">\n\t\t\t\t<div class=\"elementor-element elementor-element-22987ce e-flex e-con-boxed e-con e-parent\" data-id=\"22987ce\" data-element_type=\"container\" data-e-type=\"container\">\n\t\t\t\t\t<div class=\"e-con-inner\">\n\t\t\t\t<div class=\"elementor-element elementor-element-c80a591 elementor-widget elementor-widget-shortcode\" data-id=\"c80a591\" data-element_type=\"widget\" data-e-type=\"widget\" data-widget_type=\"shortcode.default\">\n\t\t\t\t<div class=\"elementor-widget-container\">\n\t\t\t\t\t\t\t<div class=\"elementor-shortcode\"><div  class=\"agb_content agb_revocation  notranslate\"><div><h2>A. Widerrufsbelehrung<\/h2>\n\n<h3>Einleitung<\/h3>\n\n<p>Verbrauchern steht ein Widerrufsrecht nach folgender Ma&szlig;gabe zu, wobei Verbraucher jede nat&uuml;rliche Person ist, die ein Rechtsgesch&auml;ft zu Zwecken abschlie&szlig;t, die &uuml;berwiegend weder ihrer gewerblichen noch ihrer selbst&auml;ndigen beruflichen T&auml;tigkeit zugerechnet werden k&ouml;nnen:<\/p>\n\n<h3>Widerrufsrecht<\/h3>\n\n<p>Sie haben das Recht, binnen vierzehn Tagen ohne Angabe von Gr&uuml;nden diesen Vertrag zu widerrufen.<\/p>\n\n<p>Die Widerrufsfrist betr&auml;gt vierzehn Tage ab dem Tag, an dem Sie oder ein von Ihnen benannter Dritter, der nicht der Bef&ouml;rderer ist, die letzte Ware in Besitz genommen haben bzw. hat.<\/p>\n\n<p>Um Ihr Widerrufsrecht auszu&uuml;ben, m&uuml;ssen Sie uns (Gain Software GmbH, Sudbrackstr. 12, 33611 Bielefeld, Deutschland, Tel.: +49 (521) 9676 13 24, E-Mail: oe@gain.de) mittels einer eindeutigen Erkl&auml;rung (z. B. ein mit der Post versandter Brief oder E-Mail) &uuml;ber Ihren Entschluss, diesen Vertrag zu widerrufen, informieren. Sie k&ouml;nnen daf&uuml;r das beigef&uuml;gte Muster-Widerrufsformular verwenden, das jedoch nicht vorgeschrieben ist.<\/p>\n\n<p>Zur Wahrung der Widerrufsfrist reicht es aus, dass Sie die Mitteilung &uuml;ber die Aus&uuml;bung des Widerrufsrechts vor Ablauf der Widerrufsfrist absenden.<\/p>\n\n<h3>Folgen des Widerrufs<\/h3>\n\n<p>Wenn Sie diesen Vertrag widerrufen, haben wir Ihnen alle Zahlungen, die wir von Ihnen erhalten haben, einschlie&szlig;lich der Lieferkosten (mit Ausnahme der zus&auml;tzlichen Kosten, die sich daraus ergeben, dass Sie eine andere Art der Lieferung als die von uns angebotene, g&uuml;nstigste Standardlieferung gew&auml;hlt haben), unverz&uuml;glich und sp&auml;testens binnen vierzehn Tagen ab dem Tag zur&uuml;ckzuzahlen, an dem die Mitteilung &uuml;ber Ihren Widerruf dieses Vertrags bei uns eingegangen ist. F&uuml;r diese R&uuml;ckzahlung verwenden wir dasselbe Zahlungsmittel, das Sie bei der urspr&uuml;nglichen Transaktion eingesetzt haben, es sei denn, mit Ihnen wurde ausdr&uuml;cklich etwas anderes vereinbart; in keinem Fall werden Ihnen wegen dieser R&uuml;ckzahlung Entgelte berechnet. Wir k&ouml;nnen die R&uuml;ckzahlung verweigern, bis wir die Waren wieder zur&uuml;ckerhalten haben oder bis Sie den Nachweis erbracht haben, dass Sie die Waren zur&uuml;ckgesandt haben, je nachdem, welches der fr&uuml;here Zeitpunkt ist.<\/p>\n\n<p>Sie haben die Waren unverz&uuml;glich und in jedem Fall sp&auml;testens binnen vierzehn Tagen ab dem Tag, an dem Sie uns &uuml;ber den Widerruf dieses Vertrags unterrichten, an uns zur&uuml;ckzusenden oder zu &uuml;bergeben. Die Frist ist gewahrt, wenn Sie die Waren vor Ablauf der Frist von vierzehn Tagen absenden.<\/p>\n\n<p>Sie tragen die unmittelbaren Kosten der R&uuml;cksendung der Waren.<\/p>\n\n<p>Sie m&uuml;ssen f&uuml;r einen etwaigen Wertverlust der Waren nur aufkommen, wenn dieser Wertverlust auf einen zur Pr&uuml;fung der Beschaffenheit, Eigenschaften und Funktionsweise der Waren nicht notwendigen Umgang mit ihnen zur&uuml;ckzuf&uuml;hren ist.<\/p>\n\n<h3>Ausschluss bzw. vorzeitiges Erl&ouml;schen des Widerrufsrechts<\/h3>\n\n<p>Das Widerrufsrecht besteht nicht bei Vertr&auml;gen zur Lieferung von Waren, die nicht vorgefertigt sind und f&uuml;r deren Herstellung eine individuelle Auswahl oder Bestimmung durch den Verbraucher ma&szlig;geblich ist oder die eindeutig auf die pers&ouml;nlichen Bed&uuml;rfnisse des Verbrauchers zugeschnitten sind.<\/p>\n\n<p>Das Widerrufsrecht erlischt vorzeitig bei Vertr&auml;gen zur Lieferung von Ton- oder Videoaufnahmen oder Computersoftware in einer versiegelten Packung, wenn die Versiegelung nach der Lieferung entfernt wurde.<\/p>\n\n<p>Das Widerrufsrecht gilt nicht f&uuml;r Verbraucher, die zum Zeitpunkt des Vertragsschlusses keinem Mitgliedstaat der Europ&auml;ischen Union angeh&ouml;ren und deren alleiniger Wohnsitz und Lieferadresse zum Zeitpunkt des Vertragsschlusses au&szlig;erhalb der Europ&auml;ischen Union liegen.<\/p>\n\n<h2>B. Widerrufsformular<\/h2>\n\n<p>Wenn Sie den Vertrag widerrufen wollen, dann f&uuml;llen Sie bitte dieses Formular aus und senden es zur&uuml;ck.<\/p>\n\n<p>An<\/p>\n\n<p>Gain Software GmbH<br \/>\nSudbrackstr. 12<br \/>\n33611 Bielefeld<br \/>\nDeutschland<\/p>\n\n<p>E-Mail: oe@gain.de<\/p>\n\n<p>Hiermit widerrufe(n) ich\/wir (*) den von mir\/uns (*) abgeschlossenen Vertrag &uuml;ber den Kauf der folgenden Waren (*) \/ die Erbringung der folgenden Dienstleistung (*)<\/p>\n\n<p>_______________________________________________________<\/p>\n\n<p>_______________________________________________________<\/p>\n\n<p>Bestellt am (*) ____________ \/ erhalten am (*) __________________<\/p>\n\n<p>________________________________________________________<br \/>\nName des\/der Verbraucher(s)<\/p>\n\n<p>________________________________________________________<br \/>\nAnschrift des\/der Verbraucher(s)<\/p>\n\n<p>________________________________________________________<br \/>\nUnterschrift des\/der Verbraucher(s) (nur bei Mitteilung auf Papier)<\/p>\n\n<p>_________________________<br \/>\nDatum<\/p>\n\n<p>(*) Unzutreffendes streichen<\/p><\/div><div id=\"itkanzlei_txt_copyright\" style=\"font-size: 12px; margin-top: 8em;\"><div style=\"display: inline-block; vertical-align: top;\"><a href=\"https:\/\/www.it-recht-kanzlei.de\/\" target=\"_blank\"><img decoding=\"async\" src=\"https:\/\/www.it-recht-kanzlei.de\/logo\/Copyright-Logo_Widerrufsbelehrung.png?i=66e7c-4d5fe-39c9-907f-1\" id=\"itkanzlei_img_copyright\" alt=\"&copy; IT-Recht Kanzlei\" title=\"&copy; IT-Recht Kanzlei\" style=\"margin-top: -20px; border-style: none; max-width: 100%;\" \/><\/a><\/div><div style=\"display: inline-block; vertical-align: top; margin-left: 5px; float: right; white-space: nowrap;\">Stand: 28.03.2026, 17:27:25<\/div><div style=\"clear: right;\"><\/div><\/div><\/div><\/div>\n\t\t\t\t\t\t<\/div>\n\t\t\t\t<\/div>\n\t\t\t\t\t<\/div>\n\t\t\t\t<\/div>\n\t\t\t\t<\/div>\n\t\t","protected":false},"excerpt":{"rendered":"","protected":false},"author":1,"featured_media":0,"parent":0,"menu_order":0,"comment_status":"closed","ping_status":"closed","template":"","meta":{"footnotes":""},"class_list":["post-16124","page","type-page","status-publish","hentry"],"blocksy_meta":[],"yoast_head":"<!-- This site is optimized with the Yoast SEO plugin v27.3 - https:\/\/yoast.com\/product\/yoast-seo-wordpress\/ -->\n<title>Widerruf | GAIN Software<\/title>\n<meta name=\"description\" content=\"Seit 1986 als Spezialist f\u00fcr kundenindividuelle L\u00f6sungen im Produktdaten- und Produktlebenszyklusmanagament t\u00e4tig, stellen wir Kommunikation und Durchg\u00e4ngigkeit in den Fokus unserer Produkte, unserer Kundenorientierung und nicht zuletzt unserer eigenen Prozesse. GAIN begleitet Kunden von der Konzeptionierung einer PDM-Welt \u00fcber die Implementierung, das Customizing und die Migration von Daten bis zur Anwenderschulung und weit dar\u00fcber hinaus.\" \/>\n<meta name=\"robots\" content=\"index, follow, max-snippet:-1, max-image-preview:large, max-video-preview:-1\" \/>\n<link rel=\"canonical\" href=\"https:\/\/gain.de\/de\/widerruf\/\" \/>\n<meta property=\"og:locale\" content=\"de_DE\" \/>\n<meta property=\"og:type\" content=\"article\" \/>\n<meta property=\"og:title\" content=\"Widerruf | GAIN Software\" \/>\n<meta property=\"og:description\" content=\"Seit 1986 als Spezialist f\u00fcr kundenindividuelle L\u00f6sungen im Produktdaten- und Produktlebenszyklusmanagament t\u00e4tig, stellen wir Kommunikation und Durchg\u00e4ngigkeit in den Fokus unserer Produkte, unserer Kundenorientierung und nicht zuletzt unserer eigenen Prozesse. GAIN begleitet Kunden von der Konzeptionierung einer PDM-Welt \u00fcber die Implementierung, das Customizing und die Migration von Daten bis zur Anwenderschulung und weit dar\u00fcber hinaus.\" \/>\n<meta property=\"og:url\" content=\"https:\/\/gain.de\/de\/widerruf\/\" \/>\n<meta property=\"og:site_name\" content=\"GAIN Software\" \/>\n<meta name=\"twitter:card\" content=\"summary_large_image\" \/>\n<script type=\"application\/ld+json\" class=\"yoast-schema-graph\">{\"@context\":\"https:\\\/\\\/schema.org\",\"@graph\":[{\"@type\":\"WebPage\",\"@id\":\"https:\\\/\\\/gain.de\\\/de\\\/widerruf\\\/\",\"url\":\"https:\\\/\\\/gain.de\\\/de\\\/widerruf\\\/\",\"name\":\"Widerruf | GAIN Software\",\"isPartOf\":{\"@id\":\"https:\\\/\\\/gain.de\\\/de\\\/#website\"},\"datePublished\":\"2026-03-28T16:27:29+00:00\",\"description\":\"Seit 1986 als Spezialist f\u00fcr kundenindividuelle L\u00f6sungen im Produktdaten- und Produktlebenszyklusmanagament t\u00e4tig, stellen wir Kommunikation und Durchg\u00e4ngigkeit in den Fokus unserer Produkte, unserer Kundenorientierung und nicht zuletzt unserer eigenen Prozesse. GAIN begleitet Kunden von der Konzeptionierung einer PDM-Welt \u00fcber die Implementierung, das Customizing und die Migration von Daten bis zur Anwenderschulung und weit dar\u00fcber hinaus.\",\"breadcrumb\":{\"@id\":\"https:\\\/\\\/gain.de\\\/de\\\/widerruf\\\/#breadcrumb\"},\"inLanguage\":\"de\",\"potentialAction\":[{\"@type\":\"ReadAction\",\"target\":[\"https:\\\/\\\/gain.de\\\/de\\\/widerruf\\\/\"]}]},{\"@type\":\"BreadcrumbList\",\"@id\":\"https:\\\/\\\/gain.de\\\/de\\\/widerruf\\\/#breadcrumb\",\"itemListElement\":[{\"@type\":\"ListItem\",\"position\":1,\"name\":\"Startseite\",\"item\":\"https:\\\/\\\/gain.de\\\/\"},{\"@type\":\"ListItem\",\"position\":2,\"name\":\"Widerruf\"}]},{\"@type\":\"WebSite\",\"@id\":\"https:\\\/\\\/gain.de\\\/de\\\/#website\",\"url\":\"https:\\\/\\\/gain.de\\\/de\\\/\",\"name\":\"GAIN Software\",\"description\":\"Ihr Partner im Produktdatenmanagement.\",\"publisher\":{\"@id\":\"https:\\\/\\\/gain.de\\\/de\\\/#organization\"},\"alternateName\":\"GAIN\",\"potentialAction\":[{\"@type\":\"SearchAction\",\"target\":{\"@type\":\"EntryPoint\",\"urlTemplate\":\"https:\\\/\\\/gain.de\\\/de\\\/?s={search_term_string}\"},\"query-input\":{\"@type\":\"PropertyValueSpecification\",\"valueRequired\":true,\"valueName\":\"search_term_string\"}}],\"inLanguage\":\"de\"},{\"@type\":\"Organization\",\"@id\":\"https:\\\/\\\/gain.de\\\/de\\\/#organization\",\"name\":\"GAIN Software\",\"url\":\"https:\\\/\\\/gain.de\\\/de\\\/\",\"logo\":{\"@type\":\"ImageObject\",\"inLanguage\":\"de\",\"@id\":\"https:\\\/\\\/gain.de\\\/de\\\/#\\\/schema\\\/logo\\\/image\\\/\",\"url\":\"https:\\\/\\\/gain.de\\\/wp-content\\\/uploads\\\/2024\\\/09\\\/logo-weiss.png\",\"contentUrl\":\"https:\\\/\\\/gain.de\\\/wp-content\\\/uploads\\\/2024\\\/09\\\/logo-weiss.png\",\"width\":1583,\"height\":441,\"caption\":\"GAIN Software\"},\"image\":{\"@id\":\"https:\\\/\\\/gain.de\\\/de\\\/#\\\/schema\\\/logo\\\/image\\\/\"},\"sameAs\":[\"https:\\\/\\\/www.youtube.com\\\/@GAIN_Software_GmbH\",\"https:\\\/\\\/www.linkedin.com\\\/in\\\/gain-software-gmbh-493757314\"]}]}<\/script>\n<!-- \/ Yoast SEO plugin. -->","yoast_head_json":{"title":"Widerruf | GAIN Software","description":"Seit 1986 als Spezialist f\u00fcr kundenindividuelle L\u00f6sungen im Produktdaten- und Produktlebenszyklusmanagament t\u00e4tig, stellen wir Kommunikation und Durchg\u00e4ngigkeit in den Fokus unserer Produkte, unserer Kundenorientierung und nicht zuletzt unserer eigenen Prozesse. GAIN begleitet Kunden von der Konzeptionierung einer PDM-Welt \u00fcber die Implementierung, das Customizing und die Migration von Daten bis zur Anwenderschulung und weit dar\u00fcber hinaus.","robots":{"index":"index","follow":"follow","max-snippet":"max-snippet:-1","max-image-preview":"max-image-preview:large","max-video-preview":"max-video-preview:-1"},"canonical":"https:\/\/gain.de\/de\/widerruf\/","og_locale":"de_DE","og_type":"article","og_title":"Widerruf | GAIN Software","og_description":"Seit 1986 als Spezialist f\u00fcr kundenindividuelle L\u00f6sungen im Produktdaten- und Produktlebenszyklusmanagament t\u00e4tig, stellen wir Kommunikation und Durchg\u00e4ngigkeit in den Fokus unserer Produkte, unserer Kundenorientierung und nicht zuletzt unserer eigenen Prozesse. GAIN begleitet Kunden von der Konzeptionierung einer PDM-Welt \u00fcber die Implementierung, das Customizing und die Migration von Daten bis zur Anwenderschulung und weit dar\u00fcber hinaus.","og_url":"https:\/\/gain.de\/de\/widerruf\/","og_site_name":"GAIN Software","twitter_card":"summary_large_image","schema":{"@context":"https:\/\/schema.org","@graph":[{"@type":"WebPage","@id":"https:\/\/gain.de\/de\/widerruf\/","url":"https:\/\/gain.de\/de\/widerruf\/","name":"Widerruf | GAIN Software","isPartOf":{"@id":"https:\/\/gain.de\/de\/#website"},"datePublished":"2026-03-28T16:27:29+00:00","description":"Seit 1986 als Spezialist f\u00fcr kundenindividuelle L\u00f6sungen im Produktdaten- und Produktlebenszyklusmanagament t\u00e4tig, stellen wir Kommunikation und Durchg\u00e4ngigkeit in den Fokus unserer Produkte, unserer Kundenorientierung und nicht zuletzt unserer eigenen Prozesse. GAIN begleitet Kunden von der Konzeptionierung einer PDM-Welt \u00fcber die Implementierung, das Customizing und die Migration von Daten bis zur Anwenderschulung und weit dar\u00fcber hinaus.","breadcrumb":{"@id":"https:\/\/gain.de\/de\/widerruf\/#breadcrumb"},"inLanguage":"de","potentialAction":[{"@type":"ReadAction","target":["https:\/\/gain.de\/de\/widerruf\/"]}]},{"@type":"BreadcrumbList","@id":"https:\/\/gain.de\/de\/widerruf\/#breadcrumb","itemListElement":[{"@type":"ListItem","position":1,"name":"Startseite","item":"https:\/\/gain.de\/"},{"@type":"ListItem","position":2,"name":"Widerruf"}]},{"@type":"WebSite","@id":"https:\/\/gain.de\/de\/#website","url":"https:\/\/gain.de\/de\/","name":"GAIN Software","description":"Ihr Partner im Produktdatenmanagement.","publisher":{"@id":"https:\/\/gain.de\/de\/#organization"},"alternateName":"GAIN","potentialAction":[{"@type":"SearchAction","target":{"@type":"EntryPoint","urlTemplate":"https:\/\/gain.de\/de\/?s={search_term_string}"},"query-input":{"@type":"PropertyValueSpecification","valueRequired":true,"valueName":"search_term_string"}}],"inLanguage":"de"},{"@type":"Organization","@id":"https:\/\/gain.de\/de\/#organization","name":"GAIN Software","url":"https:\/\/gain.de\/de\/","logo":{"@type":"ImageObject","inLanguage":"de","@id":"https:\/\/gain.de\/de\/#\/schema\/logo\/image\/","url":"https:\/\/gain.de\/wp-content\/uploads\/2024\/09\/logo-weiss.png","contentUrl":"https:\/\/gain.de\/wp-content\/uploads\/2024\/09\/logo-weiss.png","width":1583,"height":441,"caption":"GAIN Software"},"image":{"@id":"https:\/\/gain.de\/de\/#\/schema\/logo\/image\/"},"sameAs":["https:\/\/www.youtube.com\/@GAIN_Software_GmbH","https:\/\/www.linkedin.com\/in\/gain-software-gmbh-493757314"]}]}},"_links":{"self":[{"href":"https:\/\/gain.de\/de\/wp-json\/wp\/v2\/pages\/16124","targetHints":{"allow":["GET"]}}],"collection":[{"href":"https:\/\/gain.de\/de\/wp-json\/wp\/v2\/pages"}],"about":[{"href":"https:\/\/gain.de\/de\/wp-json\/wp\/v2\/types\/page"}],"author":[{"embeddable":true,"href":"https:\/\/gain.de\/de\/wp-json\/wp\/v2\/users\/1"}],"replies":[{"embeddable":true,"href":"https:\/\/gain.de\/de\/wp-json\/wp\/v2\/comments?post=16124"}],"version-history":[{"count":7,"href":"https:\/\/gain.de\/de\/wp-json\/wp\/v2\/pages\/16124\/revisions"}],"predecessor-version":[{"id":16132,"href":"https:\/\/gain.de\/de\/wp-json\/wp\/v2\/pages\/16124\/revisions\/16132"}],"wp:attachment":[{"href":"https:\/\/gain.de\/de\/wp-json\/wp\/v2\/media?parent=16124"}],"curies":[{"name":"wp","href":"https:\/\/api.w.org\/{rel}","templated":true}]}}