{"id":16019,"date":"2025-11-24T12:12:47","date_gmt":"2025-11-24T12:12:47","guid":{"rendered":"https:\/\/gain.de\/?post_type=product&#038;p=16019"},"modified":"2026-04-07T06:55:13","modified_gmt":"2026-04-07T06:55:13","slug":"zwcad","status":"publish","type":"product","link":"http:\/\/gain.de\/en\/product\/zwcad\/","title":{"rendered":"ZWCAD"},"content":{"rendered":"<p class=\"translation-block\">ZWCAD is a high-performance and powerful 2D CAD solution with full DWG compatibility. ZWCAD enables architects, engineers and designers in the AEC and manufacturing industries to effortlessly realize creative ideas. <span style=\"text-align: var(--text-align);background-color: var(--theme-palette-color-6);color: var(--theme-text-color);font-family: var(--theme-font-family);font-size: var(--theme-font-size);font-style: var(--theme-font-style, inherit);font-weight: var(--theme-font-weight);letter-spacing: var(--theme-letter-spacing);text-transform: var(--theme-text-transform)\">Bis zu 19,5 mal schneller als AutoCAD\u00ae<\/span><span style=\"text-align: var(--text-align);background-color: var(--theme-palette-color-6);color: var(--theme-text-color);font-family: var(--theme-font-family);font-size: var(--theme-font-size);font-style: var(--theme-font-style, inherit);font-weight: var(--theme-font-weight);letter-spacing: var(--theme-letter-spacing);text-transform: var(--theme-text-transform)\">.<br><\/span><\/p>\n<p>Ihnen steht im Anschluss das Produkt als Download zur Verf\u00fcgung und Sie erhalten zeitnah eine Rechnung f\u00fcr Ihr Produkt. Nach Zahlungseingang erhalten Sie von uns einen individuellen Lizenzschl\u00fcssel, mit dem Sie das Produkt final freischalten k\u00f6nnen. Sie k\u00f6nnen das Produkt bis dahin bereits ohne Einschr\u00e4nkung nutzen.<\/p>","protected":false},"excerpt":{"rendered":"<p>ZWCAD ist eine hochperformante und leistungsstarke 2D-CAD-L\u00f6sung mit uneingeschr\u00e4nkter DWG-Kompatibilit\u00e4t. ZWCAD erm\u00f6glicht es Architekten, Ingenieuren und Designern in der AEC- und Fertigungsindustrie, kreative Ideen m\u00fchelos zu verwirklichen. Bis zu 19,5 mal schneller als AutoCAD\u00ae. Ihnen steht im Anschluss das Produkt als Download zur Verf\u00fcgung und Sie erhalten zeitnah eine Rechnung f\u00fcr Ihr Produkt. Nach Zahlungseingang [&hellip;]<\/p>\n","protected":false},"featured_media":16277,"template":"","meta":[],"product_brand":[69],"product_cat":[64,65,57,63,68,67,66],"product_tag":[],"class_list":{"0":"post-16019","1":"product","2":"type-product","3":"status-publish","4":"has-post-thumbnail","6":"product_brand-zwsoft","7":"product_cat-2d","8":"product_cat-3d","9":"product_cat-cad","10":"product_cat-cam","11":"product_cat-design","12":"product_cat-fertigung","13":"product_cat-konstruktion","15":"first","16":"instock","17":"taxable","18":"shipping-taxable","19":"purchasable","20":"product-type-variable"},"ct_brands":[{"id":69,"name":"ZWSOFT","slug":"zwsoft"}],"yoast_head":"<!-- This site is optimized with the Yoast SEO plugin v27.4 - https:\/\/yoast.com\/product\/yoast-seo-wordpress\/ -->\n<title>ZWCAD | GAIN Software<\/title>\n<meta name=\"robots\" content=\"index, follow, max-snippet:-1, max-image-preview:large, max-video-preview:-1\" \/>\n<link rel=\"canonical\" href=\"https:\/\/gain.de\/en\/product\/zwcad\/\" \/>\n<meta property=\"og:locale\" content=\"en_US\" \/>\n<meta property=\"og:type\" content=\"article\" \/>\n<meta property=\"og:title\" content=\"ZWCAD | GAIN Software\" \/>\n<meta property=\"og:description\" content=\"ZWCAD ist eine hochperformante und leistungsstarke 2D-CAD-L\u00f6sung mit uneingeschr\u00e4nkter DWG-Kompatibilit\u00e4t. ZWCAD erm\u00f6glicht es Architekten, Ingenieuren und Designern in der AEC- und Fertigungsindustrie, kreative Ideen m\u00fchelos zu verwirklichen. Bis zu 19,5 mal schneller als AutoCAD\u00ae. Ihnen steht im Anschluss das Produkt als Download zur Verf\u00fcgung und Sie erhalten zeitnah eine Rechnung f\u00fcr Ihr Produkt. Nach Zahlungseingang [&hellip;]\" \/>\n<meta property=\"og:url\" content=\"https:\/\/gain.de\/en\/product\/zwcad\/\" \/>\n<meta property=\"og:site_name\" content=\"GAIN Software\" \/>\n<meta property=\"article:modified_time\" content=\"2026-04-07T06:55:13+00:00\" \/>\n<meta property=\"og:image\" content=\"https:\/\/gain.de\/wp-content\/uploads\/2025\/12\/zwcadback.png\" \/>\n\t<meta property=\"og:image:width\" content=\"482\" \/>\n\t<meta property=\"og:image:height\" content=\"325\" \/>\n\t<meta property=\"og:image:type\" content=\"image\/png\" \/>\n<meta name=\"twitter:card\" content=\"summary_large_image\" \/>\n<meta name=\"twitter:label1\" content=\"Est. reading time\" \/>\n\t<meta name=\"twitter:data1\" content=\"1 minute\" \/>\n<script type=\"application\/ld+json\" class=\"yoast-schema-graph\">{\"@context\":\"https:\\\/\\\/schema.org\",\"@graph\":[{\"@type\":\"WebPage\",\"@id\":\"https:\\\/\\\/gain.de\\\/produkt\\\/zwcad\\\/\",\"url\":\"https:\\\/\\\/gain.de\\\/produkt\\\/zwcad\\\/\",\"name\":\"ZWCAD | GAIN Software\",\"isPartOf\":{\"@id\":\"https:\\\/\\\/gain.de\\\/de\\\/#website\"},\"primaryImageOfPage\":{\"@id\":\"https:\\\/\\\/gain.de\\\/produkt\\\/zwcad\\\/#primaryimage\"},\"image\":{\"@id\":\"https:\\\/\\\/gain.de\\\/produkt\\\/zwcad\\\/#primaryimage\"},\"thumbnailUrl\":\"https:\\\/\\\/gain.de\\\/wp-content\\\/uploads\\\/2025\\\/12\\\/zwcadback.png\",\"datePublished\":\"2025-11-24T12:12:47+00:00\",\"dateModified\":\"2026-04-07T06:55:13+00:00\",\"breadcrumb\":{\"@id\":\"https:\\\/\\\/gain.de\\\/produkt\\\/zwcad\\\/#breadcrumb\"},\"inLanguage\":\"en-US\",\"potentialAction\":[{\"@type\":\"ReadAction\",\"target\":[\"https:\\\/\\\/gain.de\\\/produkt\\\/zwcad\\\/\"]}]},{\"@type\":\"ImageObject\",\"inLanguage\":\"en-US\",\"@id\":\"https:\\\/\\\/gain.de\\\/produkt\\\/zwcad\\\/#primaryimage\",\"url\":\"https:\\\/\\\/gain.de\\\/wp-content\\\/uploads\\\/2025\\\/12\\\/zwcadback.png\",\"contentUrl\":\"https:\\\/\\\/gain.de\\\/wp-content\\\/uploads\\\/2025\\\/12\\\/zwcadback.png\",\"width\":482,\"height\":325},{\"@type\":\"BreadcrumbList\",\"@id\":\"https:\\\/\\\/gain.de\\\/produkt\\\/zwcad\\\/#breadcrumb\",\"itemListElement\":[{\"@type\":\"ListItem\",\"position\":1,\"name\":\"Startseite\",\"item\":\"https:\\\/\\\/gain.de\\\/\"},{\"@type\":\"ListItem\",\"position\":2,\"name\":\"ZWSOFT &#8211; Produktshop\",\"item\":\"https:\\\/\\\/gain.de\\\/shop\\\/\"},{\"@type\":\"ListItem\",\"position\":3,\"name\":\"ZWCAD\"}]},{\"@type\":\"WebSite\",\"@id\":\"https:\\\/\\\/gain.de\\\/de\\\/#website\",\"url\":\"https:\\\/\\\/gain.de\\\/de\\\/\",\"name\":\"GAIN Software\",\"description\":\"Ihr Partner im Produktdatenmanagement.\",\"publisher\":{\"@id\":\"https:\\\/\\\/gain.de\\\/de\\\/#organization\"},\"alternateName\":\"GAIN\",\"potentialAction\":[{\"@type\":\"SearchAction\",\"target\":{\"@type\":\"EntryPoint\",\"urlTemplate\":\"https:\\\/\\\/gain.de\\\/de\\\/?s={search_term_string}\"},\"query-input\":{\"@type\":\"PropertyValueSpecification\",\"valueRequired\":true,\"valueName\":\"search_term_string\"}}],\"inLanguage\":\"en-US\"},{\"@type\":\"Organization\",\"@id\":\"https:\\\/\\\/gain.de\\\/de\\\/#organization\",\"name\":\"GAIN Software\",\"url\":\"https:\\\/\\\/gain.de\\\/de\\\/\",\"logo\":{\"@type\":\"ImageObject\",\"inLanguage\":\"en-US\",\"@id\":\"https:\\\/\\\/gain.de\\\/de\\\/#\\\/schema\\\/logo\\\/image\\\/\",\"url\":\"https:\\\/\\\/gain.de\\\/wp-content\\\/uploads\\\/2024\\\/09\\\/logo-weiss.png\",\"contentUrl\":\"https:\\\/\\\/gain.de\\\/wp-content\\\/uploads\\\/2024\\\/09\\\/logo-weiss.png\",\"width\":1583,\"height\":441,\"caption\":\"GAIN Software\"},\"image\":{\"@id\":\"https:\\\/\\\/gain.de\\\/de\\\/#\\\/schema\\\/logo\\\/image\\\/\"},\"sameAs\":[\"https:\\\/\\\/www.youtube.com\\\/@GAIN_Software_GmbH\",\"https:\\\/\\\/www.linkedin.com\\\/in\\\/gain-software-gmbh-493757314\"]}]}<\/script>\n<!-- \/ Yoast SEO plugin. -->","yoast_head_json":{"title":"ZWCAD | GAIN Software","robots":{"index":"index","follow":"follow","max-snippet":"max-snippet:-1","max-image-preview":"max-image-preview:large","max-video-preview":"max-video-preview:-1"},"canonical":"https:\/\/gain.de\/en\/product\/zwcad\/","og_locale":"en_US","og_type":"article","og_title":"ZWCAD | GAIN Software","og_description":"ZWCAD ist eine hochperformante und leistungsstarke 2D-CAD-L\u00f6sung mit uneingeschr\u00e4nkter DWG-Kompatibilit\u00e4t. ZWCAD erm\u00f6glicht es Architekten, Ingenieuren und Designern in der AEC- und Fertigungsindustrie, kreative Ideen m\u00fchelos zu verwirklichen. Bis zu 19,5 mal schneller als AutoCAD\u00ae. Ihnen steht im Anschluss das Produkt als Download zur Verf\u00fcgung und Sie erhalten zeitnah eine Rechnung f\u00fcr Ihr Produkt. Nach Zahlungseingang [&hellip;]","og_url":"https:\/\/gain.de\/en\/product\/zwcad\/","og_site_name":"GAIN Software","article_modified_time":"2026-04-07T06:55:13+00:00","og_image":[{"width":482,"height":325,"url":"https:\/\/gain.de\/wp-content\/uploads\/2025\/12\/zwcadback.png","type":"image\/png"}],"twitter_card":"summary_large_image","twitter_misc":{"Est. reading time":"1 minute"},"schema":{"@context":"https:\/\/schema.org","@graph":[{"@type":"WebPage","@id":"https:\/\/gain.de\/produkt\/zwcad\/","url":"https:\/\/gain.de\/produkt\/zwcad\/","name":"ZWCAD | GAIN Software","isPartOf":{"@id":"https:\/\/gain.de\/de\/#website"},"primaryImageOfPage":{"@id":"https:\/\/gain.de\/produkt\/zwcad\/#primaryimage"},"image":{"@id":"https:\/\/gain.de\/produkt\/zwcad\/#primaryimage"},"thumbnailUrl":"https:\/\/gain.de\/wp-content\/uploads\/2025\/12\/zwcadback.png","datePublished":"2025-11-24T12:12:47+00:00","dateModified":"2026-04-07T06:55:13+00:00","breadcrumb":{"@id":"https:\/\/gain.de\/produkt\/zwcad\/#breadcrumb"},"inLanguage":"en-US","potentialAction":[{"@type":"ReadAction","target":["https:\/\/gain.de\/produkt\/zwcad\/"]}]},{"@type":"ImageObject","inLanguage":"en-US","@id":"https:\/\/gain.de\/produkt\/zwcad\/#primaryimage","url":"https:\/\/gain.de\/wp-content\/uploads\/2025\/12\/zwcadback.png","contentUrl":"https:\/\/gain.de\/wp-content\/uploads\/2025\/12\/zwcadback.png","width":482,"height":325},{"@type":"BreadcrumbList","@id":"https:\/\/gain.de\/produkt\/zwcad\/#breadcrumb","itemListElement":[{"@type":"ListItem","position":1,"name":"Startseite","item":"https:\/\/gain.de\/"},{"@type":"ListItem","position":2,"name":"ZWSOFT &#8211; Produktshop","item":"https:\/\/gain.de\/shop\/"},{"@type":"ListItem","position":3,"name":"ZWCAD"}]},{"@type":"WebSite","@id":"https:\/\/gain.de\/de\/#website","url":"https:\/\/gain.de\/de\/","name":"GAIN Software","description":"Ihr Partner im Produktdatenmanagement.","publisher":{"@id":"https:\/\/gain.de\/de\/#organization"},"alternateName":"GAIN","potentialAction":[{"@type":"SearchAction","target":{"@type":"EntryPoint","urlTemplate":"https:\/\/gain.de\/de\/?s={search_term_string}"},"query-input":{"@type":"PropertyValueSpecification","valueRequired":true,"valueName":"search_term_string"}}],"inLanguage":"en-US"},{"@type":"Organization","@id":"https:\/\/gain.de\/de\/#organization","name":"GAIN Software","url":"https:\/\/gain.de\/de\/","logo":{"@type":"ImageObject","inLanguage":"en-US","@id":"https:\/\/gain.de\/de\/#\/schema\/logo\/image\/","url":"https:\/\/gain.de\/wp-content\/uploads\/2024\/09\/logo-weiss.png","contentUrl":"https:\/\/gain.de\/wp-content\/uploads\/2024\/09\/logo-weiss.png","width":1583,"height":441,"caption":"GAIN Software"},"image":{"@id":"https:\/\/gain.de\/de\/#\/schema\/logo\/image\/"},"sameAs":["https:\/\/www.youtube.com\/@GAIN_Software_GmbH","https:\/\/www.linkedin.com\/in\/gain-software-gmbh-493757314"]}]}},"_links":{"self":[{"href":"http:\/\/gain.de\/en\/wp-json\/wp\/v2\/product\/16019","targetHints":{"allow":["GET"]}}],"collection":[{"href":"http:\/\/gain.de\/en\/wp-json\/wp\/v2\/product"}],"about":[{"href":"http:\/\/gain.de\/en\/wp-json\/wp\/v2\/types\/product"}],"wp:featuredmedia":[{"embeddable":true,"href":"http:\/\/gain.de\/en\/wp-json\/wp\/v2\/media\/16277"}],"wp:attachment":[{"href":"http:\/\/gain.de\/en\/wp-json\/wp\/v2\/media?parent=16019"}],"wp:term":[{"taxonomy":"product_brand","embeddable":true,"href":"http:\/\/gain.de\/en\/wp-json\/wp\/v2\/product_brand?post=16019"},{"taxonomy":"product_cat","embeddable":true,"href":"http:\/\/gain.de\/en\/wp-json\/wp\/v2\/product_cat?post=16019"},{"taxonomy":"product_tag","embeddable":true,"href":"http:\/\/gain.de\/en\/wp-json\/wp\/v2\/product_tag?post=16019"}],"curies":[{"name":"wp","href":"https:\/\/api.w.org\/{rel}","templated":true}]}}