{"id":16133,"date":"2025-12-03T08:39:21","date_gmt":"2025-12-03T08:39:21","guid":{"rendered":"https:\/\/gain.de\/?post_type=product&#038;p=16133"},"modified":"2026-04-03T03:08:37","modified_gmt":"2026-04-03T03:08:37","slug":"zw3d","status":"publish","type":"product","link":"http:\/\/gain.de\/de\/produkt\/zw3d\/","title":{"rendered":"ZW3D &#8211; Basisprodukte"},"content":{"rendered":"<p>3D CAD- \/ CAM- \/ CAE-L\u00f6sung<br \/>\nf\u00fcr Konstruktion und Fertigung bis weit dar\u00fcber hinaus.\u00a0 Zahlreiche Add-Ons erh\u00e4ltlich.<\/p>\n<p>Ihnen steht im Anschluss das Produkt als Download zur Verf\u00fcgung und Sie erhalten zeitnah eine Rechnung f\u00fcr Ihr Produkt. Nach Zahlungseingang erhalten Sie von uns einen individuellen Lizenzschl\u00fcssel, mit dem Sie das Produkt final freischalten k\u00f6nnen. Sie k\u00f6nnen das Produkt bis dahin bereits ohne Einschr\u00e4nkung nutzen.<\/p>\n","protected":false},"excerpt":{"rendered":"<p>3D CAD- \/ CAM- \/ CAE-L\u00f6sung f\u00fcr Konstruktion und Fertigung bis weit dar\u00fcber hinaus.\u00a0 Zahlreiche Add-Ons erh\u00e4ltlich. Ihnen steht im Anschluss das Produkt als Download zur Verf\u00fcgung und Sie erhalten zeitnah eine Rechnung f\u00fcr Ihr Produkt. Nach Zahlungseingang erhalten Sie von uns einen individuellen Lizenzschl\u00fcssel, mit dem Sie das Produkt final freischalten k\u00f6nnen. Sie k\u00f6nnen [&hellip;]<\/p>\n","protected":false},"featured_media":16276,"template":"","meta":[],"product_brand":[69],"product_cat":[65,57,63,68,67,66,39],"product_tag":[],"class_list":{"0":"post-16133","1":"product","2":"type-product","3":"status-publish","4":"has-post-thumbnail","6":"product_brand-zwsoft","7":"product_cat-3d","8":"product_cat-cad","9":"product_cat-cam","10":"product_cat-design","11":"product_cat-fertigung","12":"product_cat-konstruktion","13":"product_cat-unkategorisiert","15":"first","16":"instock","17":"taxable","18":"shipping-taxable","19":"purchasable","20":"product-type-variable"},"ct_brands":[{"id":69,"name":"ZWSOFT","slug":"zwsoft"}],"yoast_head":"<!-- This site is optimized with the Yoast SEO plugin v27.4 - https:\/\/yoast.com\/product\/yoast-seo-wordpress\/ -->\n<title>ZW3D - Basisprodukte | GAIN Software<\/title>\n<meta name=\"robots\" content=\"index, follow, max-snippet:-1, max-image-preview:large, max-video-preview:-1\" \/>\n<link rel=\"canonical\" href=\"https:\/\/gain.de\/de\/produkt\/zw3d\/\" \/>\n<meta property=\"og:locale\" content=\"de_DE\" \/>\n<meta property=\"og:type\" content=\"article\" \/>\n<meta property=\"og:title\" content=\"ZW3D - Basisprodukte | GAIN Software\" \/>\n<meta property=\"og:description\" content=\"3D CAD- \/ CAM- \/ CAE-L\u00f6sung f\u00fcr Konstruktion und Fertigung bis weit dar\u00fcber hinaus.\u00a0 Zahlreiche Add-Ons erh\u00e4ltlich. Ihnen steht im Anschluss das Produkt als Download zur Verf\u00fcgung und Sie erhalten zeitnah eine Rechnung f\u00fcr Ihr Produkt. Nach Zahlungseingang erhalten Sie von uns einen individuellen Lizenzschl\u00fcssel, mit dem Sie das Produkt final freischalten k\u00f6nnen. Sie k\u00f6nnen [&hellip;]\" \/>\n<meta property=\"og:url\" content=\"https:\/\/gain.de\/de\/produkt\/zw3d\/\" \/>\n<meta property=\"og:site_name\" content=\"GAIN Software\" \/>\n<meta property=\"article:modified_time\" content=\"2026-04-03T03:08:37+00:00\" \/>\n<meta property=\"og:image\" content=\"https:\/\/gain.de\/wp-content\/uploads\/2025\/12\/zw3dback.png\" \/>\n\t<meta property=\"og:image:width\" content=\"482\" \/>\n\t<meta property=\"og:image:height\" content=\"324\" \/>\n\t<meta property=\"og:image:type\" content=\"image\/png\" \/>\n<meta name=\"twitter:card\" content=\"summary_large_image\" \/>\n<meta name=\"twitter:label1\" content=\"Gesch\u00e4tzte Lesezeit\" \/>\n\t<meta name=\"twitter:data1\" content=\"1\u00a0Minute\" \/>\n<script type=\"application\/ld+json\" class=\"yoast-schema-graph\">{\"@context\":\"https:\\\/\\\/schema.org\",\"@graph\":[{\"@type\":\"WebPage\",\"@id\":\"https:\\\/\\\/gain.de\\\/produkt\\\/zw3d\\\/\",\"url\":\"https:\\\/\\\/gain.de\\\/produkt\\\/zw3d\\\/\",\"name\":\"ZW3D - Basisprodukte | GAIN Software\",\"isPartOf\":{\"@id\":\"https:\\\/\\\/gain.de\\\/de\\\/#website\"},\"primaryImageOfPage\":{\"@id\":\"https:\\\/\\\/gain.de\\\/produkt\\\/zw3d\\\/#primaryimage\"},\"image\":{\"@id\":\"https:\\\/\\\/gain.de\\\/produkt\\\/zw3d\\\/#primaryimage\"},\"thumbnailUrl\":\"https:\\\/\\\/gain.de\\\/wp-content\\\/uploads\\\/2025\\\/12\\\/zw3dback.png\",\"datePublished\":\"2025-12-03T08:39:21+00:00\",\"dateModified\":\"2026-04-03T03:08:37+00:00\",\"breadcrumb\":{\"@id\":\"https:\\\/\\\/gain.de\\\/produkt\\\/zw3d\\\/#breadcrumb\"},\"inLanguage\":\"de\",\"potentialAction\":[{\"@type\":\"ReadAction\",\"target\":[\"https:\\\/\\\/gain.de\\\/produkt\\\/zw3d\\\/\"]}]},{\"@type\":\"ImageObject\",\"inLanguage\":\"de\",\"@id\":\"https:\\\/\\\/gain.de\\\/produkt\\\/zw3d\\\/#primaryimage\",\"url\":\"https:\\\/\\\/gain.de\\\/wp-content\\\/uploads\\\/2025\\\/12\\\/zw3dback.png\",\"contentUrl\":\"https:\\\/\\\/gain.de\\\/wp-content\\\/uploads\\\/2025\\\/12\\\/zw3dback.png\",\"width\":482,\"height\":324},{\"@type\":\"BreadcrumbList\",\"@id\":\"https:\\\/\\\/gain.de\\\/produkt\\\/zw3d\\\/#breadcrumb\",\"itemListElement\":[{\"@type\":\"ListItem\",\"position\":1,\"name\":\"Startseite\",\"item\":\"https:\\\/\\\/gain.de\\\/\"},{\"@type\":\"ListItem\",\"position\":2,\"name\":\"ZWSOFT &#8211; Produktshop\",\"item\":\"https:\\\/\\\/gain.de\\\/shop\\\/\"},{\"@type\":\"ListItem\",\"position\":3,\"name\":\"ZW3D &#8211; Basisprodukte\"}]},{\"@type\":\"WebSite\",\"@id\":\"https:\\\/\\\/gain.de\\\/de\\\/#website\",\"url\":\"https:\\\/\\\/gain.de\\\/de\\\/\",\"name\":\"GAIN Software\",\"description\":\"Ihr Partner im Produktdatenmanagement.\",\"publisher\":{\"@id\":\"https:\\\/\\\/gain.de\\\/de\\\/#organization\"},\"alternateName\":\"GAIN\",\"potentialAction\":[{\"@type\":\"SearchAction\",\"target\":{\"@type\":\"EntryPoint\",\"urlTemplate\":\"https:\\\/\\\/gain.de\\\/de\\\/?s={search_term_string}\"},\"query-input\":{\"@type\":\"PropertyValueSpecification\",\"valueRequired\":true,\"valueName\":\"search_term_string\"}}],\"inLanguage\":\"de\"},{\"@type\":\"Organization\",\"@id\":\"https:\\\/\\\/gain.de\\\/de\\\/#organization\",\"name\":\"GAIN Software\",\"url\":\"https:\\\/\\\/gain.de\\\/de\\\/\",\"logo\":{\"@type\":\"ImageObject\",\"inLanguage\":\"de\",\"@id\":\"https:\\\/\\\/gain.de\\\/de\\\/#\\\/schema\\\/logo\\\/image\\\/\",\"url\":\"https:\\\/\\\/gain.de\\\/wp-content\\\/uploads\\\/2024\\\/09\\\/logo-weiss.png\",\"contentUrl\":\"https:\\\/\\\/gain.de\\\/wp-content\\\/uploads\\\/2024\\\/09\\\/logo-weiss.png\",\"width\":1583,\"height\":441,\"caption\":\"GAIN Software\"},\"image\":{\"@id\":\"https:\\\/\\\/gain.de\\\/de\\\/#\\\/schema\\\/logo\\\/image\\\/\"},\"sameAs\":[\"https:\\\/\\\/www.youtube.com\\\/@GAIN_Software_GmbH\",\"https:\\\/\\\/www.linkedin.com\\\/in\\\/gain-software-gmbh-493757314\"]}]}<\/script>\n<!-- \/ Yoast SEO plugin. -->","yoast_head_json":{"title":"ZW3D - Basisprodukte | GAIN Software","robots":{"index":"index","follow":"follow","max-snippet":"max-snippet:-1","max-image-preview":"max-image-preview:large","max-video-preview":"max-video-preview:-1"},"canonical":"https:\/\/gain.de\/de\/produkt\/zw3d\/","og_locale":"de_DE","og_type":"article","og_title":"ZW3D - Basisprodukte | GAIN Software","og_description":"3D CAD- \/ CAM- \/ CAE-L\u00f6sung f\u00fcr Konstruktion und Fertigung bis weit dar\u00fcber hinaus.\u00a0 Zahlreiche Add-Ons erh\u00e4ltlich. Ihnen steht im Anschluss das Produkt als Download zur Verf\u00fcgung und Sie erhalten zeitnah eine Rechnung f\u00fcr Ihr Produkt. Nach Zahlungseingang erhalten Sie von uns einen individuellen Lizenzschl\u00fcssel, mit dem Sie das Produkt final freischalten k\u00f6nnen. Sie k\u00f6nnen [&hellip;]","og_url":"https:\/\/gain.de\/de\/produkt\/zw3d\/","og_site_name":"GAIN Software","article_modified_time":"2026-04-03T03:08:37+00:00","og_image":[{"width":482,"height":324,"url":"https:\/\/gain.de\/wp-content\/uploads\/2025\/12\/zw3dback.png","type":"image\/png"}],"twitter_card":"summary_large_image","twitter_misc":{"Gesch\u00e4tzte Lesezeit":"1\u00a0Minute"},"schema":{"@context":"https:\/\/schema.org","@graph":[{"@type":"WebPage","@id":"https:\/\/gain.de\/produkt\/zw3d\/","url":"https:\/\/gain.de\/produkt\/zw3d\/","name":"ZW3D - Basisprodukte | GAIN Software","isPartOf":{"@id":"https:\/\/gain.de\/de\/#website"},"primaryImageOfPage":{"@id":"https:\/\/gain.de\/produkt\/zw3d\/#primaryimage"},"image":{"@id":"https:\/\/gain.de\/produkt\/zw3d\/#primaryimage"},"thumbnailUrl":"https:\/\/gain.de\/wp-content\/uploads\/2025\/12\/zw3dback.png","datePublished":"2025-12-03T08:39:21+00:00","dateModified":"2026-04-03T03:08:37+00:00","breadcrumb":{"@id":"https:\/\/gain.de\/produkt\/zw3d\/#breadcrumb"},"inLanguage":"de","potentialAction":[{"@type":"ReadAction","target":["https:\/\/gain.de\/produkt\/zw3d\/"]}]},{"@type":"ImageObject","inLanguage":"de","@id":"https:\/\/gain.de\/produkt\/zw3d\/#primaryimage","url":"https:\/\/gain.de\/wp-content\/uploads\/2025\/12\/zw3dback.png","contentUrl":"https:\/\/gain.de\/wp-content\/uploads\/2025\/12\/zw3dback.png","width":482,"height":324},{"@type":"BreadcrumbList","@id":"https:\/\/gain.de\/produkt\/zw3d\/#breadcrumb","itemListElement":[{"@type":"ListItem","position":1,"name":"Startseite","item":"https:\/\/gain.de\/"},{"@type":"ListItem","position":2,"name":"ZWSOFT &#8211; Produktshop","item":"https:\/\/gain.de\/shop\/"},{"@type":"ListItem","position":3,"name":"ZW3D &#8211; Basisprodukte"}]},{"@type":"WebSite","@id":"https:\/\/gain.de\/de\/#website","url":"https:\/\/gain.de\/de\/","name":"GAIN Software","description":"Ihr Partner im Produktdatenmanagement.","publisher":{"@id":"https:\/\/gain.de\/de\/#organization"},"alternateName":"GAIN","potentialAction":[{"@type":"SearchAction","target":{"@type":"EntryPoint","urlTemplate":"https:\/\/gain.de\/de\/?s={search_term_string}"},"query-input":{"@type":"PropertyValueSpecification","valueRequired":true,"valueName":"search_term_string"}}],"inLanguage":"de"},{"@type":"Organization","@id":"https:\/\/gain.de\/de\/#organization","name":"GAIN Software","url":"https:\/\/gain.de\/de\/","logo":{"@type":"ImageObject","inLanguage":"de","@id":"https:\/\/gain.de\/de\/#\/schema\/logo\/image\/","url":"https:\/\/gain.de\/wp-content\/uploads\/2024\/09\/logo-weiss.png","contentUrl":"https:\/\/gain.de\/wp-content\/uploads\/2024\/09\/logo-weiss.png","width":1583,"height":441,"caption":"GAIN Software"},"image":{"@id":"https:\/\/gain.de\/de\/#\/schema\/logo\/image\/"},"sameAs":["https:\/\/www.youtube.com\/@GAIN_Software_GmbH","https:\/\/www.linkedin.com\/in\/gain-software-gmbh-493757314"]}]}},"_links":{"self":[{"href":"http:\/\/gain.de\/de\/wp-json\/wp\/v2\/product\/16133","targetHints":{"allow":["GET"]}}],"collection":[{"href":"http:\/\/gain.de\/de\/wp-json\/wp\/v2\/product"}],"about":[{"href":"http:\/\/gain.de\/de\/wp-json\/wp\/v2\/types\/product"}],"wp:featuredmedia":[{"embeddable":true,"href":"http:\/\/gain.de\/de\/wp-json\/wp\/v2\/media\/16276"}],"wp:attachment":[{"href":"http:\/\/gain.de\/de\/wp-json\/wp\/v2\/media?parent=16133"}],"wp:term":[{"taxonomy":"product_brand","embeddable":true,"href":"http:\/\/gain.de\/de\/wp-json\/wp\/v2\/product_brand?post=16133"},{"taxonomy":"product_cat","embeddable":true,"href":"http:\/\/gain.de\/de\/wp-json\/wp\/v2\/product_cat?post=16133"},{"taxonomy":"product_tag","embeddable":true,"href":"http:\/\/gain.de\/de\/wp-json\/wp\/v2\/product_tag?post=16133"}],"curies":[{"name":"wp","href":"https:\/\/api.w.org\/{rel}","templated":true}]}}